{"id":112,"date":"2018-06-28T21:17:00","date_gmt":"2018-06-28T19:17:00","guid":{"rendered":"http:\/\/assofwi.fr\/?page_id=112"},"modified":"2022-01-31T19:22:44","modified_gmt":"2022-01-31T18:22:44","slug":"documentation","status":"publish","type":"page","link":"https:\/\/assofwi.fr\/?page_id=112","title":{"rendered":"Documentation"},"content":{"rendered":"<p style=\"text-align: justify;\">Depuis sa cr\u00e9ation, l&rsquo;ASSOFWI diffuse r\u00e9guli\u00e8rement des fiches techniques permettant aux producteurs guadeloup\u00e9ens\u00a0 de produire en int\u00e9grant davantage les aspects environnementaux et de faire \u00e9merger de nouvelles productions.<\/p>\n<p style=\"text-align: justify;\">De la gestion de l&rsquo;enherbement \u00e0 la rotation des cultures, en passant par l&rsquo;influence des astres sur les v\u00e9g\u00e9taux et les esp\u00e8ces ou vari\u00e9t\u00e9s fruiti\u00e8res \u00e0 d\u00e9velopper, vous trouverez sur cette page quelques exemples de ces fiches techniques, adapt\u00e9es au contexte guadeloup\u00e9en. Nous esp\u00e9rons qu&rsquo;elles\u00a0vous seront fructueuses&#8230;<\/p>\n<p>L&rsquo;ASSOFWI \u00e9dite \u00e9galement chaque ann\u00e9e le <strong>registre d&rsquo;exploitation <\/strong>qui permet de noter toutes ses pratiques culturales dans l&rsquo;agenda, suivre le calendrier lunaire, et contient des informations techniques, des contacts etc. Ce registre est gratuit pour les adh\u00e9rents et en vente \u00e0 l&rsquo;Assofwi pour les autres.<\/p>\n<p>En 2020, l&rsquo;Assofwi a \u00e9galement r\u00e9\u00e9dit\u00e9 son manuel technique, un travail de collaboration avec les structures partenaires (centre de recherches, instituts techniques, coop\u00e9ratives etc.). Ce manuel est riche en informations sur les pratiques culturales en agro\u00e9cologie. Disponible gratuitement en version num\u00e9rique <strong><a href=\"https:\/\/drive.google.com\/file\/d\/1eu783w40I3Vfe2NAVWabLeeork6J-HtD\/view\">ici<\/a><\/strong>.<\/p>\n","protected":false},"excerpt":{"rendered":"<p>Depuis sa cr\u00e9ation, l&rsquo;ASSOFWI diffuse r\u00e9guli\u00e8rement des fiches techniques permettant aux producteurs guadeloup\u00e9ens\u00a0 de produire en int\u00e9grant davantage les aspects environnementaux et de faire \u00e9merger de nouvelles productions. De la gestion de l&rsquo;enherbement \u00e0 la rotation des cultures, en passant par l&rsquo;influence des astres sur les v\u00e9g\u00e9taux et les esp\u00e8ces ou vari\u00e9t\u00e9s fruiti\u00e8res \u00e0 d\u00e9velopper, &hellip; <\/p>\n<p class=\"link-more\"><a href=\"https:\/\/assofwi.fr\/?page_id=112\" class=\"more-link\">Continuer la lecture<span class=\"screen-reader-text\"> de &laquo;&nbsp;Documentation&nbsp;&raquo;<\/span><\/a><\/p>\n","protected":false},"author":1,"featured_media":0,"parent":0,"menu_order":0,"comment_status":"closed","ping_status":"closed","template":"","meta":{"spay_email":""},"jetpack_sharing_enabled":true,"jetpack_shortlink":"https:\/\/wp.me\/Pa25wg-1O","jetpack-related-posts":[],"_links":{"self":[{"href":"https:\/\/assofwi.fr\/index.php?rest_route=\/wp\/v2\/pages\/112"}],"collection":[{"href":"https:\/\/assofwi.fr\/index.php?rest_route=\/wp\/v2\/pages"}],"about":[{"href":"https:\/\/assofwi.fr\/index.php?rest_route=\/wp\/v2\/types\/page"}],"author":[{"embeddable":true,"href":"https:\/\/assofwi.fr\/index.php?rest_route=\/wp\/v2\/users\/1"}],"replies":[{"embeddable":true,"href":"https:\/\/assofwi.fr\/index.php?rest_route=%2Fwp%2Fv2%2Fcomments&post=112"}],"version-history":[{"count":7,"href":"https:\/\/assofwi.fr\/index.php?rest_route=\/wp\/v2\/pages\/112\/revisions"}],"predecessor-version":[{"id":539,"href":"https:\/\/assofwi.fr\/index.php?rest_route=\/wp\/v2\/pages\/112\/revisions\/539"}],"wp:attachment":[{"href":"https:\/\/assofwi.fr\/index.php?rest_route=%2Fwp%2Fv2%2Fmedia&parent=112"}],"curies":[{"name":"wp","href":"https:\/\/api.w.org\/{rel}","templated":true}]}}