{"id":114,"date":"2018-06-28T21:18:55","date_gmt":"2018-06-28T19:18:55","guid":{"rendered":"http:\/\/assofwi.fr\/?page_id=114"},"modified":"2026-05-07T14:25:44","modified_gmt":"2026-05-07T12:25:44","slug":"presentation","status":"publish","type":"page","link":"https:\/\/assofwi.fr\/?page_id=114","title":{"rendered":"Pr\u00e9sentation"},"content":{"rendered":"<p style=\"text-align: justify;\">Depuis 2010, l&rsquo;Assofwi est agr\u00e9\u00e9e centre de formations. Elle a \u00e9t\u00e9 enregistr\u00e9e par le pr\u00e9fet de Guadeloupe sous le num\u00e9ro 95 97 01631 97. L\u2019ASSOFWI travaille avec les fonds VIVEA et FAFSEA, elle peut ainsi proposer des formations de qualit\u00e9 GRATUITEMENT aux producteurs et salari\u00e9s du domaine agricole \u00e0 jour de leurs cotisations sociales. Toutes les formations restent cependant ouvertes \u00e0 toute personne int\u00e9ress\u00e9e.<\/p>\n<p style=\"text-align: justify;\">Un th\u00e8me principal de formation :&nbsp;Techniques agricoles en production v\u00e9g\u00e9tale<\/p>\n<p style=\"text-align: justify;\"><strong>De nombreuses d\u00e9clinaisons :<\/strong><\/p>\n<ul class=\"ili-indent\">\n<li style=\"text-align: justify;\">lutte int\u00e9gr\u00e9e en verger<\/li>\n<li style=\"text-align: justify;\">lutte int\u00e9gr\u00e9e en mara\u00eechage<\/li>\n<li style=\"text-align: justify;\">fertilisation raisonn\u00e9e<\/li>\n<li style=\"text-align: justify;\">taille et techniques de multiplication des arbres fruitiers<\/li>\n<li>agroforesterie<\/li>\n<\/ul>\n<p style=\"text-align: justify;\">(\u2026)<\/p>\n<p style=\"text-align: justify;\">En s&rsquo;appuyant sur des interventions de sp\u00e9cialistes et sur leur exp\u00e9rience technique de terrain, les formateurs de l\u2019Assofwi peuvent ainsi d\u00e9velopper un large panel de formations, en constante \u00e9volution, adapt\u00e9es aux besoins des producteurs, techniciens et ouvriers agricoles guadeloup\u00e9ens.<\/p>\n<p style=\"text-align: justify;\">Les formations sont organis\u00e9es autour de la mise en pratique des connaissances et de leur application au monde professionnel agricole.<\/p>\n<p style=\"text-align: justify;\">Elles peuvent \u00eatre r\u00e9alis\u00e9es sur le site de l\u2019Assofwi \u00e0 Vieux Habitants, sur l\u2019exploitation d\u2019un producteur b\u00e9n\u00e9ficiant de la formation ou dans les locaux de partenaires en fonction des besoins de la formation et des demandes effectu\u00e9es.<\/p>\n<p style=\"text-align: justify;\">Vous trouverez sur les pages suivante quelques exemples des formations organis\u00e9es par l\u2019Assofwi, les formations \u00e0 venir et la proc\u00e9dure d\u2019inscription.<\/p>\n<p style=\"text-align: justify;\">Pour toute information compl\u00e9mentaire, n&rsquo;h\u00e9sitez pas \u00e0 nous contacter.<\/p>\n<p>L&rsquo;ASSOFWI est certifi\u00e9 QUALIOPI au titre de la cat\u00e9gorie actions de formation.&nbsp;<\/p>\n<p>Le certificat est disponible&nbsp; en cliquant sur son image ci-dessous:<\/p>\n\n\n<figure class=\"wp-block-image size-large\"><a href=\"https:\/\/assofwi.fr\/wp-content\/uploads\/2026\/05\/Qualiopi-certificat-2025-2028.pdf\"><img data-attachment-id=\"1417\" data-permalink=\"https:\/\/assofwi.fr\/?attachment_id=1417\" data-orig-file=\"https:\/\/i0.wp.com\/assofwi.fr\/wp-content\/uploads\/2026\/05\/IMG_5454.jpeg?fit=877%2C1245&amp;ssl=1\" data-orig-size=\"877,1245\" data-comments-opened=\"0\" data-image-meta=\"{&quot;aperture&quot;:&quot;0&quot;,&quot;credit&quot;:&quot;&quot;,&quot;camera&quot;:&quot;&quot;,&quot;caption&quot;:&quot;&quot;,&quot;created_timestamp&quot;:&quot;1778142128&quot;,&quot;copyright&quot;:&quot;&quot;,&quot;focal_length&quot;:&quot;0&quot;,&quot;iso&quot;:&quot;0&quot;,&quot;shutter_speed&quot;:&quot;0&quot;,&quot;title&quot;:&quot;&quot;,&quot;orientation&quot;:&quot;1&quot;}\" data-image-title=\"IMG_5454\" data-image-description=\"\" data-medium-file=\"https:\/\/i0.wp.com\/assofwi.fr\/wp-content\/uploads\/2026\/05\/IMG_5454.jpeg?fit=211%2C300&amp;ssl=1\" data-large-file=\"https:\/\/i0.wp.com\/assofwi.fr\/wp-content\/uploads\/2026\/05\/IMG_5454.jpeg?fit=525%2C746&amp;ssl=1\" loading=\"lazy\" width=\"525\" height=\"746\" src=\"https:\/\/i0.wp.com\/assofwi.fr\/wp-content\/uploads\/2026\/05\/IMG_5454.jpeg?resize=525%2C746&#038;ssl=1\" alt=\"\" class=\"wp-image-1417\" srcset=\"https:\/\/i0.wp.com\/assofwi.fr\/wp-content\/uploads\/2026\/05\/IMG_5454.jpeg?resize=721%2C1024&amp;ssl=1 721w, https:\/\/i0.wp.com\/assofwi.fr\/wp-content\/uploads\/2026\/05\/IMG_5454.jpeg?resize=211%2C300&amp;ssl=1 211w, https:\/\/i0.wp.com\/assofwi.fr\/wp-content\/uploads\/2026\/05\/IMG_5454.jpeg?resize=768%2C1090&amp;ssl=1 768w, https:\/\/i0.wp.com\/assofwi.fr\/wp-content\/uploads\/2026\/05\/IMG_5454.jpeg?w=877&amp;ssl=1 877w\" sizes=\"(max-width: 525px) 100vw, 525px\" data-recalc-dims=\"1\" \/><\/a><\/figure>\n","protected":false},"excerpt":{"rendered":"<p>Depuis 2010, l&rsquo;Assofwi est agr\u00e9\u00e9e centre de formations. Elle a \u00e9t\u00e9 enregistr\u00e9e par le pr\u00e9fet de Guadeloupe sous le num\u00e9ro 95 97 01631 97. L\u2019ASSOFWI travaille avec les fonds VIVEA et FAFSEA, elle peut ainsi proposer des formations de qualit\u00e9 GRATUITEMENT aux producteurs et salari\u00e9s du domaine agricole \u00e0 jour de leurs cotisations sociales. Toutes &hellip; <\/p>\n<p class=\"link-more\"><a href=\"https:\/\/assofwi.fr\/?page_id=114\" class=\"more-link\">Continuer la lecture<span class=\"screen-reader-text\"> de &laquo;&nbsp;Pr\u00e9sentation&nbsp;&raquo;<\/span><\/a><\/p>\n","protected":false},"author":1,"featured_media":0,"parent":0,"menu_order":0,"comment_status":"closed","ping_status":"closed","template":"","meta":{"spay_email":""},"jetpack_sharing_enabled":true,"jetpack_shortlink":"https:\/\/wp.me\/Pa25wg-1Q","jetpack-related-posts":[],"_links":{"self":[{"href":"https:\/\/assofwi.fr\/index.php?rest_route=\/wp\/v2\/pages\/114"}],"collection":[{"href":"https:\/\/assofwi.fr\/index.php?rest_route=\/wp\/v2\/pages"}],"about":[{"href":"https:\/\/assofwi.fr\/index.php?rest_route=\/wp\/v2\/types\/page"}],"author":[{"embeddable":true,"href":"https:\/\/assofwi.fr\/index.php?rest_route=\/wp\/v2\/users\/1"}],"replies":[{"embeddable":true,"href":"https:\/\/assofwi.fr\/index.php?rest_route=%2Fwp%2Fv2%2Fcomments&post=114"}],"version-history":[{"count":7,"href":"https:\/\/assofwi.fr\/index.php?rest_route=\/wp\/v2\/pages\/114\/revisions"}],"predecessor-version":[{"id":1419,"href":"https:\/\/assofwi.fr\/index.php?rest_route=\/wp\/v2\/pages\/114\/revisions\/1419"}],"wp:attachment":[{"href":"https:\/\/assofwi.fr\/index.php?rest_route=%2Fwp%2Fv2%2Fmedia&parent=114"}],"curies":[{"name":"wp","href":"https:\/\/api.w.org\/{rel}","templated":true}]}}