{"id":121,"date":"2018-06-28T21:19:39","date_gmt":"2018-06-28T19:19:39","guid":{"rendered":"http:\/\/assofwi.fr\/?page_id=121"},"modified":"2025-01-20T15:38:34","modified_gmt":"2025-01-20T14:38:34","slug":"agriculteur","status":"publish","type":"page","link":"https:\/\/assofwi.fr\/?page_id=121","title":{"rendered":"Agriculteur"},"content":{"rendered":"<p>Les membres de l&rsquo;Assofwi b\u00e9n\u00e9ficient d&rsquo;un appui technique et administratif sur demande, peuvent mettre en vente leur production sur le march\u00e9 de l&rsquo;Assofwi tous les mercredi, ils b\u00e9n\u00e9ficient \u00e9galement du r\u00e9seau de producteurs de l&rsquo;Assofwi et peuvent ainsi \u00eatre au fait des nouveaux projets, avanc\u00e9es et \u00e9v\u00e9nements de la fili\u00e8re.<\/p>\n<p>\u00catre membre de l&rsquo;Assofwi, c&rsquo;est \u00e9galement s&rsquo;engager \u00e0 participer aux actions de l&rsquo;Assofwi, \u00eatre visible lors des manifestations, entrer au sein d&rsquo;une communaut\u00e9 dans l&rsquo;objectif de renforcer la fili\u00e8re arboricole de la Guadeloupe, faire valoir les produits du terroir et contribuer \u00e0 la transition agro\u00e9cologique.<\/p>\n<p>Rejoignez la communaut\u00e9 Assofwi, contactez-nous!<\/p>\n\n\n<div role=\"form\" class=\"wpcf7\" id=\"wpcf7-f990-o1\" lang=\"fr-FR\" dir=\"ltr\">\n<div class=\"screen-reader-response\"><p role=\"status\" aria-live=\"polite\" aria-atomic=\"true\"><\/p> <ul><\/ul><\/div>\n<form action=\"\/index.php?rest_route=%2Fwp%2Fv2%2Fpages%2F121#wpcf7-f990-o1\" method=\"post\" class=\"wpcf7-form init\" novalidate=\"novalidate\" data-status=\"init\">\n<div style=\"display: none;\">\n<input type=\"hidden\" name=\"_wpcf7\" value=\"990\" \/>\n<input type=\"hidden\" name=\"_wpcf7_version\" value=\"5.3\" \/>\n<input type=\"hidden\" name=\"_wpcf7_locale\" value=\"fr_FR\" \/>\n<input type=\"hidden\" name=\"_wpcf7_unit_tag\" value=\"wpcf7-f990-o1\" \/>\n<input type=\"hidden\" name=\"_wpcf7_container_post\" value=\"0\" \/>\n<input type=\"hidden\" name=\"_wpcf7_posted_data_hash\" value=\"\" \/>\n<\/div>\n<p><label> Nom<br \/>\n    <span class=\"wpcf7-form-control-wrap your-name\"><input type=\"text\" name=\"your-name\" value=\"\" size=\"40\" class=\"wpcf7-form-control wpcf7-text wpcf7-validates-as-required\" aria-required=\"true\" aria-invalid=\"false\" \/><\/span> <\/label><\/p>\n<p><label> Email<br \/>\n    <span class=\"wpcf7-form-control-wrap your-email\"><input type=\"email\" name=\"your-email\" value=\"\" size=\"40\" class=\"wpcf7-form-control wpcf7-text wpcf7-email wpcf7-validates-as-required wpcf7-validates-as-email\" aria-required=\"true\" aria-invalid=\"false\" \/><\/span> <\/label><\/p>\n<p><label> Objet<br \/>\n    <span class=\"wpcf7-form-control-wrap your-subject\"><input type=\"text\" name=\"your-subject\" value=\"\" size=\"40\" class=\"wpcf7-form-control wpcf7-text wpcf7-validates-as-required\" aria-required=\"true\" aria-invalid=\"false\" \/><\/span> <\/label><\/p>\n<p><label> Message<br \/>\n    <span class=\"wpcf7-form-control-wrap your-message\"><textarea name=\"your-message\" cols=\"40\" rows=\"10\" class=\"wpcf7-form-control wpcf7-textarea\" aria-invalid=\"false\"><\/textarea><\/span> <\/label><\/p>\n<p><input type=\"submit\" value=\"Envoyer\" class=\"wpcf7-form-control wpcf7-submit\" \/><\/p>\n<div class=\"wpcf7-response-output\" aria-hidden=\"true\"><\/div><\/form><\/div>\n\n","protected":false},"excerpt":{"rendered":"<p>Les membres de l&rsquo;Assofwi b\u00e9n\u00e9ficient d&rsquo;un appui technique et administratif sur demande, peuvent mettre en vente leur production sur le march\u00e9 de l&rsquo;Assofwi tous les mercredi, ils b\u00e9n\u00e9ficient \u00e9galement du r\u00e9seau de producteurs de l&rsquo;Assofwi et peuvent ainsi \u00eatre au fait des nouveaux projets, avanc\u00e9es et \u00e9v\u00e9nements de la fili\u00e8re. \u00catre membre de l&rsquo;Assofwi, c&rsquo;est &hellip; <\/p>\n<p class=\"link-more\"><a href=\"https:\/\/assofwi.fr\/?page_id=121\" class=\"more-link\">Continuer la lecture<span class=\"screen-reader-text\"> de &laquo;&nbsp;Agriculteur&nbsp;&raquo;<\/span><\/a><\/p>\n","protected":false},"author":1,"featured_media":0,"parent":0,"menu_order":0,"comment_status":"closed","ping_status":"closed","template":"","meta":{"spay_email":""},"jetpack_sharing_enabled":true,"jetpack_shortlink":"https:\/\/wp.me\/Pa25wg-1X","jetpack-related-posts":[],"_links":{"self":[{"href":"https:\/\/assofwi.fr\/index.php?rest_route=\/wp\/v2\/pages\/121"}],"collection":[{"href":"https:\/\/assofwi.fr\/index.php?rest_route=\/wp\/v2\/pages"}],"about":[{"href":"https:\/\/assofwi.fr\/index.php?rest_route=\/wp\/v2\/types\/page"}],"author":[{"embeddable":true,"href":"https:\/\/assofwi.fr\/index.php?rest_route=\/wp\/v2\/users\/1"}],"replies":[{"embeddable":true,"href":"https:\/\/assofwi.fr\/index.php?rest_route=%2Fwp%2Fv2%2Fcomments&post=121"}],"version-history":[{"count":6,"href":"https:\/\/assofwi.fr\/index.php?rest_route=\/wp\/v2\/pages\/121\/revisions"}],"predecessor-version":[{"id":993,"href":"https:\/\/assofwi.fr\/index.php?rest_route=\/wp\/v2\/pages\/121\/revisions\/993"}],"wp:attachment":[{"href":"https:\/\/assofwi.fr\/index.php?rest_route=%2Fwp%2Fv2%2Fmedia&parent=121"}],"curies":[{"name":"wp","href":"https:\/\/api.w.org\/{rel}","templated":true}]}}