{"id":17,"date":"2018-06-28T19:38:14","date_gmt":"2018-06-28T17:38:14","guid":{"rendered":"http:\/\/assofwi.fr\/?page_id=17"},"modified":"2025-01-20T16:43:04","modified_gmt":"2025-01-20T15:43:04","slug":"accueil","status":"publish","type":"page","link":"https:\/\/assofwi.fr\/","title":{"rendered":"Accueil"},"content":{"rendered":"<p><!-- MailerLite Universal --><script><br \/>\n    (function(w,d,e,u,f,l,n){w[f]=w[f]||function(){(w[f].q=w[f].q||[])<br \/>\n    .push(arguments);},l=d.createElement(e),l.async=1,l.src=u,<br \/>\n    n=d.getElementsByTagName(e)[0],n.parentNode.insertBefore(l,n);})<br \/>\n    (window,document,'script','https:\/\/assets.mailerlite.com\/js\/universal.js','ml');<br \/>\n    ml('account', '1269186');<br \/>\n<\/script><\/p>\n<p><!-- End MailerLite Universal --><\/p>\n<p style=\"text-align: justify;\">L\u2019ASSOFWI est une association loi 1901 qui \u0153uvre depuis 2003 au d\u00e9veloppement technique de la fili\u00e8re fruiti\u00e8re guadeloup\u00e9enne. Elle a pour objectif de mettre en place des techniques agricoles diversifi\u00e9es et durables au service des producteurs de fruits. Depuis 2010 l\u2019ASSOFWI s\u2019est faite enregistr\u00e9e en tant que centre de formation sous le num\u00e9ro 95 97 01631 97 au pr\u00e8s du pr\u00e9fet de Guadeloupe.<\/p>\n<p style=\"text-align: justify;\">Elle compte en 2019 une cinquantaine de producteurs adh\u00e9rents repr\u00e9sentant une surface de plus de 200 hectares plant\u00e9s en diversification v\u00e9g\u00e9tale. Elle regroupe ainsi des productions tr\u00e8s vari\u00e9es : agrumes, mangues, maracuja, avocats, christophines, pitaya\u2026 autant d\u2019esp\u00e8ces fruiti\u00e8res faisant de la Guadeloupe une \u00eele riche en biodiversit\u00e9.<\/p>\n<p>En quelque mots, l&rsquo;Assofwi, c&rsquo;est :<\/p>\n<ul class=\"ili-indent\">\n<li>\u00a0Un groupement de producteurs agricoles<\/li>\n<li>\u00a0\u00a0Un centre d&rsquo;encadrement technique pour les producteurs adh\u00e9rents<\/li>\n<li>\u00a0Un centre de formation<\/li>\n<li>\u00a0Un porteur de projets de d\u00e9veloppement agricole et rural<\/li>\n<li>Un lien entre l&rsquo;agriculture \u00e9cologique et le grand public<\/li>\n<\/ul>\n<p>Elle intervient :<\/p>\n<ul class=\"ili-indent\">\n<li>Chez les producteurs adh\u00e9rents<\/li>\n<li>Aupr\u00e8s des institutions<\/li>\n<li>Sur la station exp\u00e9rimentale de Vieux Habitants (anciennement au CIRAD)<\/li>\n<li>Sur les foires et march\u00e9s agricoles de Guadeloupe<\/li>\n<\/ul>\n<p><img data-attachment-id=\"23\" data-permalink=\"https:\/\/assofwi.fr\/?attachment_id=23\" data-orig-file=\"https:\/\/i1.wp.com\/assofwi.fr\/wp-content\/uploads\/2018\/06\/assofwi.png?fit=280%2C280&amp;ssl=1\" data-orig-size=\"280,280\" data-comments-opened=\"1\" data-image-meta=\"{&quot;aperture&quot;:&quot;0&quot;,&quot;credit&quot;:&quot;&quot;,&quot;camera&quot;:&quot;&quot;,&quot;caption&quot;:&quot;&quot;,&quot;created_timestamp&quot;:&quot;0&quot;,&quot;copyright&quot;:&quot;&quot;,&quot;focal_length&quot;:&quot;0&quot;,&quot;iso&quot;:&quot;0&quot;,&quot;shutter_speed&quot;:&quot;0&quot;,&quot;title&quot;:&quot;&quot;,&quot;orientation&quot;:&quot;0&quot;}\" data-image-title=\"assofwi\" data-image-description=\"\" data-medium-file=\"https:\/\/i1.wp.com\/assofwi.fr\/wp-content\/uploads\/2018\/06\/assofwi.png?fit=280%2C280&amp;ssl=1\" data-large-file=\"https:\/\/i1.wp.com\/assofwi.fr\/wp-content\/uploads\/2018\/06\/assofwi.png?fit=280%2C280&amp;ssl=1\" loading=\"lazy\" class=\"size-full wp-image-23 aligncenter\" src=\"https:\/\/i1.wp.com\/assofwi.fr\/wp-content\/uploads\/2018\/06\/assofwi.png?resize=280%2C280\" alt=\"\" width=\"280\" height=\"280\" srcset=\"https:\/\/i1.wp.com\/assofwi.fr\/wp-content\/uploads\/2018\/06\/assofwi.png?w=280&amp;ssl=1 280w, https:\/\/i1.wp.com\/assofwi.fr\/wp-content\/uploads\/2018\/06\/assofwi.png?resize=150%2C150&amp;ssl=1 150w, https:\/\/i1.wp.com\/assofwi.fr\/wp-content\/uploads\/2018\/06\/assofwi.png?resize=100%2C100&amp;ssl=1 100w\" sizes=\"(max-width: 280px) 100vw, 280px\" data-recalc-dims=\"1\" \/><\/p>\n","protected":false},"excerpt":{"rendered":"<p>L\u2019ASSOFWI est une association loi 1901 qui \u0153uvre depuis 2003 au d\u00e9veloppement technique de la fili\u00e8re fruiti\u00e8re guadeloup\u00e9enne. Elle a pour objectif de mettre en place des techniques agricoles diversifi\u00e9es et durables au service des producteurs de fruits. Depuis 2010 l\u2019ASSOFWI s\u2019est faite enregistr\u00e9e en tant que centre de formation sous le num\u00e9ro 95 97 &hellip; <\/p>\n<p class=\"link-more\"><a href=\"https:\/\/assofwi.fr\/\" class=\"more-link\">Continuer la lecture<span class=\"screen-reader-text\"> de &laquo;&nbsp;Accueil&nbsp;&raquo;<\/span><\/a><\/p>\n","protected":false},"author":1,"featured_media":0,"parent":0,"menu_order":0,"comment_status":"closed","ping_status":"closed","template":"","meta":{"spay_email":""},"jetpack_sharing_enabled":true,"jetpack_shortlink":"https:\/\/wp.me\/Pa25wg-h","jetpack-related-posts":[],"_links":{"self":[{"href":"https:\/\/assofwi.fr\/index.php?rest_route=\/wp\/v2\/pages\/17"}],"collection":[{"href":"https:\/\/assofwi.fr\/index.php?rest_route=\/wp\/v2\/pages"}],"about":[{"href":"https:\/\/assofwi.fr\/index.php?rest_route=\/wp\/v2\/types\/page"}],"author":[{"embeddable":true,"href":"https:\/\/assofwi.fr\/index.php?rest_route=\/wp\/v2\/users\/1"}],"replies":[{"embeddable":true,"href":"https:\/\/assofwi.fr\/index.php?rest_route=%2Fwp%2Fv2%2Fcomments&post=17"}],"version-history":[{"count":8,"href":"https:\/\/assofwi.fr\/index.php?rest_route=\/wp\/v2\/pages\/17\/revisions"}],"predecessor-version":[{"id":1007,"href":"https:\/\/assofwi.fr\/index.php?rest_route=\/wp\/v2\/pages\/17\/revisions\/1007"}],"wp:attachment":[{"href":"https:\/\/assofwi.fr\/index.php?rest_route=%2Fwp%2Fv2%2Fmedia&parent=17"}],"curies":[{"name":"wp","href":"https:\/\/api.w.org\/{rel}","templated":true}]}}