{"id":19,"date":"2018-06-28T19:38:14","date_gmt":"2018-06-28T17:38:14","guid":{"rendered":"http:\/\/assofwi.fr\/?page_id=19"},"modified":"2025-09-22T17:41:35","modified_gmt":"2025-09-22T15:41:35","slug":"contact","status":"publish","type":"page","link":"https:\/\/assofwi.fr\/?page_id=19","title":{"rendered":"Contact &#038; Acc\u00e8s"},"content":{"rendered":"<p>N&rsquo;h\u00e9sitez pas \u00e0 nous contacter pour tout renseignement via ce formulaire ou par nos coordonn\u00e9es de contact !<!--more--><\/p>\n<h1 style=\"text-align: center;\"><u>Par courrier\u00a0:<\/u><\/h1>\n<p style=\"text-align: center;\">Assofwi,<br \/>\nAssociation des Producteurs de Fruits et de Christophines de Guadeloupe<br \/>\nRoute du Bouchu<br \/>\n97119 Vieux Habitants<\/p>\n<h1 style=\"text-align: center;\"><u>Par t\u00e9l\u00e9phone \/ Fax\u00a0:\u00a0<\/u><\/h1>\n<p style=\"text-align: center;\">0590 60 10 91<\/p>\n<h1 style=\"text-align: center;\"><u>Par mail\u00a0:<\/u><\/h1>\n<p style=\"text-align: center;\"><a href=\"mailto:assofwi@yahoo.fr\">assofwi@yahoo.fr<\/a><\/p>\n<h1 style=\"text-align: center;\"><u>Pour nous rencontrer\u00a0:<\/u><\/h1>\n<p style=\"text-align: center;\">Permanence SANS RENDEZ-VOUS <strong>uniquement les lundis<\/strong> de 8h30 \u00e0 15h<\/p>\n<p><!--more--><\/p>\n<p style=\"text-align: center;\"><div role=\"form\" class=\"wpcf7\" id=\"wpcf7-f90-o1\" lang=\"fr-FR\" dir=\"ltr\">\n<div class=\"screen-reader-response\"><p role=\"status\" aria-live=\"polite\" aria-atomic=\"true\"><\/p> <ul><\/ul><\/div>\n<form action=\"\/index.php?rest_route=%2Fwp%2Fv2%2Fpages%2F19#wpcf7-f90-o1\" method=\"post\" class=\"wpcf7-form init\" novalidate=\"novalidate\" data-status=\"init\">\n<div style=\"display: none;\">\n<input type=\"hidden\" name=\"_wpcf7\" value=\"90\" \/>\n<input type=\"hidden\" name=\"_wpcf7_version\" value=\"5.3\" \/>\n<input type=\"hidden\" name=\"_wpcf7_locale\" value=\"fr_FR\" \/>\n<input type=\"hidden\" name=\"_wpcf7_unit_tag\" value=\"wpcf7-f90-o1\" \/>\n<input type=\"hidden\" name=\"_wpcf7_container_post\" value=\"0\" \/>\n<input type=\"hidden\" name=\"_wpcf7_posted_data_hash\" value=\"\" \/>\n<\/div>\n<p><label> Votre nom et pr\u00e9nom (obligatoire)<br \/>\n    <span class=\"wpcf7-form-control-wrap your-name\"><input type=\"text\" name=\"your-name\" value=\"\" size=\"40\" class=\"wpcf7-form-control wpcf7-text wpcf7-validates-as-required\" aria-required=\"true\" aria-invalid=\"false\" \/><\/span> <\/label><\/p>\n<p><label> Votre adresse de messagerie (obligatoire)<br \/>\n    <span class=\"wpcf7-form-control-wrap your-email\"><input type=\"email\" name=\"your-email\" value=\"\" size=\"40\" class=\"wpcf7-form-control wpcf7-text wpcf7-email wpcf7-validates-as-required wpcf7-validates-as-email\" aria-required=\"true\" aria-invalid=\"false\" \/><\/span> <\/label><\/p>\n<p><label> Votre num\u00e9ro de t\u00e9l\u00e9phone (obligatoire)<br \/>\n<span class=\"wpcf7-form-control-wrap tel-881\"><input type=\"tel\" name=\"tel-881\" value=\"\" size=\"40\" class=\"wpcf7-form-control wpcf7-text wpcf7-tel wpcf7-validates-as-required wpcf7-validates-as-tel\" aria-required=\"true\" aria-invalid=\"false\" \/><\/span> <\/label><\/p>\n<p><label> Objet<br \/>\n    <span class=\"wpcf7-form-control-wrap your-subject\"><input type=\"text\" name=\"your-subject\" value=\"\" size=\"40\" class=\"wpcf7-form-control wpcf7-text\" aria-invalid=\"false\" \/><\/span> <\/label><\/p>\n<p><label> Votre message<br \/>\n    <span class=\"wpcf7-form-control-wrap your-message\"><textarea name=\"your-message\" cols=\"40\" rows=\"10\" class=\"wpcf7-form-control wpcf7-textarea\" aria-invalid=\"false\"><\/textarea><\/span> <\/label><\/p>\n<p>[recaptcha]<\/p>\n<p><input type=\"submit\" value=\"Envoyer\" class=\"wpcf7-form-control wpcf7-submit\" \/><\/p>\n<div class=\"wpcf7-response-output\" aria-hidden=\"true\"><\/div><\/form><\/div><\/p>\n<hr \/>\n<h1>Adresse :<\/h1>\n<p>Association ASSOFWI<br \/>\nRoute Le Bouchu<br \/>\n97119 Vieux-Habitants<\/p>\n<div id=\"wpgmza_map\" data-settings='{\"id\":\"1\",\"map_title\":\"Assofwi\",\"map_width\":\"100\",\"map_height\":\"400\",\"map_start_lat\":\"16.064924\",\"map_start_lng\":\"-61.760609\",\"map_start_location\":\"16.06492434385054,-61.760608814656734\",\"map_start_zoom\":\"15\",\"default_marker\":\"0\",\"type\":\"1\",\"alignment\":\"1\",\"directions_enabled\":\"1\",\"styling_enabled\":\"0\",\"styling_json\":\"\",\"active\":\"0\",\"kml\":\"\",\"bicycle\":\"2\",\"traffic\":\"2\",\"dbox\":\"1\",\"dbox_width\":\"100\",\"listmarkers\":\"0\",\"listmarkers_advanced\":\"0\",\"filterbycat\":\"0\",\"ugm_enabled\":\"0\",\"ugm_category_enabled\":\"0\",\"fusion\":\"\",\"map_width_type\":\"\\\\%\",\"map_height_type\":\"px\",\"mass_marker_support\":\"1\",\"ugm_access\":\"0\",\"order_markers_by\":\"1\",\"order_markers_choice\":\"2\",\"show_user_location\":\"0\",\"default_to\":\"\",\"other_settings\":{\"store_locator_enabled\":2,\"store_locator_distance\":2,\"store_locator_default_radius\":\"10\",\"store_locator_not_found_message\":\"No results found in this location. Please try again.\",\"store_locator_bounce\":1,\"store_locator_query_string\":\"Code Postal \\\/ Adresse\",\"store_locator_default_address\":\"\",\"wpgmza_store_locator_restrict\":\"\",\"store_locator_style\":\"modern\",\"wpgmza_store_locator_radius_style\":\"modern\",\"map_max_zoom\":\"1\",\"transport_layer\":2,\"wpgmza_theme_data\":\"\",\"wpgmza_show_points_of_interest\":1}}' data-shortcode-attributes='{\"id\":\"1\"}' style=\"display:block; overflow:auto; width:100%; height:400px; float:left;\"><\/div>\n","protected":false},"excerpt":{"rendered":"<p>N&rsquo;h\u00e9sitez pas \u00e0 nous contacter pour tout renseignement via ce formulaire ou par nos coordonn\u00e9es de contact !<\/p>\n","protected":false},"author":1,"featured_media":298,"parent":0,"menu_order":0,"comment_status":"closed","ping_status":"closed","template":"","meta":{"spay_email":""},"jetpack_sharing_enabled":true,"jetpack_shortlink":"https:\/\/wp.me\/Pa25wg-j","jetpack-related-posts":[],"_links":{"self":[{"href":"https:\/\/assofwi.fr\/index.php?rest_route=\/wp\/v2\/pages\/19"}],"collection":[{"href":"https:\/\/assofwi.fr\/index.php?rest_route=\/wp\/v2\/pages"}],"about":[{"href":"https:\/\/assofwi.fr\/index.php?rest_route=\/wp\/v2\/types\/page"}],"author":[{"embeddable":true,"href":"https:\/\/assofwi.fr\/index.php?rest_route=\/wp\/v2\/users\/1"}],"replies":[{"embeddable":true,"href":"https:\/\/assofwi.fr\/index.php?rest_route=%2Fwp%2Fv2%2Fcomments&post=19"}],"version-history":[{"count":12,"href":"https:\/\/assofwi.fr\/index.php?rest_route=\/wp\/v2\/pages\/19\/revisions"}],"predecessor-version":[{"id":1262,"href":"https:\/\/assofwi.fr\/index.php?rest_route=\/wp\/v2\/pages\/19\/revisions\/1262"}],"wp:featuredmedia":[{"embeddable":true,"href":"https:\/\/assofwi.fr\/index.php?rest_route=\/wp\/v2\/media\/298"}],"wp:attachment":[{"href":"https:\/\/assofwi.fr\/index.php?rest_route=%2Fwp%2Fv2%2Fmedia&parent=19"}],"curies":[{"name":"wp","href":"https:\/\/api.w.org\/{rel}","templated":true}]}}