{"id":86,"date":"2018-06-28T20:39:43","date_gmt":"2018-06-28T18:39:43","guid":{"rendered":"http:\/\/assofwi.fr\/?page_id=86"},"modified":"2025-01-20T18:45:43","modified_gmt":"2025-01-20T17:45:43","slug":"nos-partenaires","status":"publish","type":"page","link":"https:\/\/assofwi.fr\/?page_id=86","title":{"rendered":"Nos Partenaires et Financeurs"},"content":{"rendered":"<h1>Nos financeurs\u00a0:<\/h1>\n<p>Conseil R\u00e9gional de Guadeloupe<\/p>\n<p><strong>\u00a0<\/strong><\/p>\n<p>Conseil G\u00e9n\u00e9ral de Guadeloupe<\/p>\n<p>FEADER (Fonds Europ\u00e9en Agricole pour le D\u00e9veloppement Rural)<\/p>\n<p>FSE (Fonds Social Europ\u00e9en)<\/p>\n<p>Fafsea (Fonds d\u2019Action de Formation des Salari\u00e9s des Exploitations et Entreprises Agricoles)<\/p>\n<p>Vivea (Fonds pour la formation des entrepreneurs du vivant)<\/p>\n<h1>Nos Partenaires\u00a0:<\/h1>\n<p>Direction de l\u2019Alimentation, de l\u2019Agriculture et de la For\u00eat de Guadeloupe<\/p>\n<p>Mairie de Vieux Habitants<\/p>\n<p>Parc National de Guadeloupe<\/p>\n<p>Office National des For\u00eats<\/p>\n<p>Interprofession Guadeloup\u00e9enne des Fruits, des L\u00e9gumes et de l\u2019Horticulture (IGUAFLHOR)<\/p>\n<p>SICA Les Aliz\u00e9s<\/p>\n<p>MO SO T\u00c8 LA<\/p>\n<p>NATURE CULTURE<\/p>\n<p>SICACFEL<\/p>\n<p>SICAPAG<\/p>\n<p>Groupement des producteurs biologiques (GDA ECO BIO)<\/p>\n<p>Syndicat des Planteurs de Caf\u00e9, cAcao et Vanille de la Guadeloupe\u00a0 (SAPCAV)<\/p>\n<p>Groupement d\u2019Employeurs pour l\u2019Insertion et la Qualification (GEIQ)<\/p>\n<p>Service de Remplacement de l\u2019Archipel de Guadeloupe (SERAG)<\/p>\n<p>Les Apiculteurs de Guadeloupe (APIGUA)<\/p>\n<p>Association \u00ab\u00a0Verte Vall\u00e9e\u00a0\u00bb<\/p>\n<p>Institut Technique Tropical (IT\u00b2)<\/p>\n<p>F\u00e9d\u00e9ration R\u00e9gionale de D\u00e9fenses contre les Organismes Nuisibles (FREDON)<\/p>\n<p>Chambre d\u2019agriculture de Guadeloupe<\/p>\n<p>Centre de Coop\u00e9ration International en Recherche Agronomique pour le D\u00e9veloppement (CIRAD)<\/p>\n<p>Institut National de la Recherche Agronomique (INRA)<\/p>\n<p>Lyc\u00e9e d\u2019Enseignement G\u00e9n\u00e9ral et Technologique Agricole Convenance<\/p>\n<p>Centre de Formation Professionnelle Pour Adultes de Vieux Habitants<\/p>\n","protected":false},"excerpt":{"rendered":"<p>Nos financeurs\u00a0: Conseil R\u00e9gional de Guadeloupe \u00a0 Conseil G\u00e9n\u00e9ral de Guadeloupe FEADER (Fonds Europ\u00e9en Agricole pour le D\u00e9veloppement Rural) FSE (Fonds Social Europ\u00e9en) Fafsea (Fonds d\u2019Action de Formation des Salari\u00e9s des Exploitations et Entreprises Agricoles) Vivea (Fonds pour la formation des entrepreneurs du vivant) Nos Partenaires\u00a0: Direction de l\u2019Alimentation, de l\u2019Agriculture et de la For\u00eat &hellip; <\/p>\n<p class=\"link-more\"><a href=\"https:\/\/assofwi.fr\/?page_id=86\" class=\"more-link\">Continuer la lecture<span class=\"screen-reader-text\"> de &laquo;&nbsp;Nos Partenaires et Financeurs&nbsp;&raquo;<\/span><\/a><\/p>\n","protected":false},"author":1,"featured_media":0,"parent":0,"menu_order":0,"comment_status":"closed","ping_status":"closed","template":"","meta":{"spay_email":""},"jetpack_sharing_enabled":true,"jetpack_shortlink":"https:\/\/wp.me\/Pa25wg-1o","jetpack-related-posts":[],"_links":{"self":[{"href":"https:\/\/assofwi.fr\/index.php?rest_route=\/wp\/v2\/pages\/86"}],"collection":[{"href":"https:\/\/assofwi.fr\/index.php?rest_route=\/wp\/v2\/pages"}],"about":[{"href":"https:\/\/assofwi.fr\/index.php?rest_route=\/wp\/v2\/types\/page"}],"author":[{"embeddable":true,"href":"https:\/\/assofwi.fr\/index.php?rest_route=\/wp\/v2\/users\/1"}],"replies":[{"embeddable":true,"href":"https:\/\/assofwi.fr\/index.php?rest_route=%2Fwp%2Fv2%2Fcomments&post=86"}],"version-history":[{"count":4,"href":"https:\/\/assofwi.fr\/index.php?rest_route=\/wp\/v2\/pages\/86\/revisions"}],"predecessor-version":[{"id":1013,"href":"https:\/\/assofwi.fr\/index.php?rest_route=\/wp\/v2\/pages\/86\/revisions\/1013"}],"wp:attachment":[{"href":"https:\/\/assofwi.fr\/index.php?rest_route=%2Fwp%2Fv2%2Fmedia&parent=86"}],"curies":[{"name":"wp","href":"https:\/\/api.w.org\/{rel}","templated":true}]}}