{"id":97,"date":"2018-06-28T21:12:55","date_gmt":"2018-06-28T19:12:55","guid":{"rendered":"http:\/\/assofwi.fr\/?page_id=97"},"modified":"2019-11-08T20:50:16","modified_gmt":"2019-11-08T19:50:16","slug":"que-fait-on","status":"publish","type":"page","link":"https:\/\/assofwi.fr\/?page_id=97","title":{"rendered":"Que fait-on ?"},"content":{"rendered":"<p>L\u2019objectif de la structure est de d\u00e9velopper les pratiques agricoles durables et de valoriser la diversification fruiti\u00e8re en Guadeloupe. Les activit\u00e9s se d\u00e9clinent en quatre volets :<\/p>\n<ul class=\"ili-indent\">\n<li>l\u2019appui technique et administratif des adh\u00e9rents : les adh\u00e9rents qui le souhaitent peuvent solliciter les techniciens de l&rsquo;Assofwi pour les accompagner dans la mise en place de dossiers d&rsquo;aides, dans leur d\u00e9clarations de surface, pour des probl\u00e9matiques techniques propres \u00e0 leur exploitation etc. L&rsquo;Assofwi met \u00e9galement \u00e0 leur disposition des documents techniques et notamment un registre d&rsquo;exploitation en d\u00e9but d&rsquo;ann\u00e9e pour les accompagner dans leurs pratiques agro\u00e9cologiques.<\/li>\n<\/ul>\n<p>&nbsp;<\/p>\n<ul class=\"ili-indent\">\n<li>la formation:\u00a0 Centre de formation depuis 2010, l&rsquo;Assofwi propose de nombreuses formations destin\u00e9es principalement aux exploitants agricoles (g\u00e9n\u00e9ralement prises en charge par le VIVEA ) mais \u00e9galement ouvertes \u00e0 un public plus large. Ces formations sont diverses et varient chaque ann\u00e9e selon les demandes des adh\u00e9rents : culture du pitaya, culture du cacao, agroforesterie, agrotransformation, fertilisation raisonn\u00e9e etc.\u00a0 N&rsquo;h\u00e9sitez pas \u00e0 nous contacter pour connaitre les formations \u00e0 venir.<\/li>\n<\/ul>\n<p>&nbsp;<\/p>\n<ul class=\"ili-indent\">\n<li>l\u2019exp\u00e9rimentation de pratiques agricoles durables: En 2019, l&rsquo;Assofwi est engag\u00e9e dans plusieurs projets europ\u00e9ens, principalement des projets de recherche et d\u00e9veloppement sur le HLB ( ou Citrus Greening, maladie des agrumes). Ainsi, des parcelles exp\u00e9rimentales mises en place \u00e0 l&rsquo;Assofwi permettent de tester des nouvelles vari\u00e9t\u00e9s d&rsquo;agrumes plus tol\u00e9rantes \u00e0 la maladie, des pratiques et syst\u00e8mes agro\u00e9cologiques sont \u00e9galement \u00e9tudi\u00e9es. L&rsquo;Assofwi fait \u00e9galement partie du r\u00e9seau d&rsquo;\u00e9pid\u00e9miosurveillance de la Guadeloupe et effectue une veille phytosanitaire permettant d&rsquo;informer r\u00e9guli\u00e8rement les agriculteurs des ravageurs et auxiliaires pr\u00e9sents sur les parcelles d&rsquo;agrumes via les Bilan de Sant\u00e9 du V\u00e9g\u00e9tal (BSV) \u00e9dit\u00e9s par la FREDON.<\/li>\n<\/ul>\n<p>&nbsp;<\/p>\n<ul class=\"ili-indent\">\n<li>l\u2019accueil du public et la vente directe des produits du terroir: tous les mercredi matin (de 9h \u00e0 12h), un march\u00e9 est ouvert \u00e0 l&rsquo;Assofwi, mettant en vente les produits de l&rsquo;Assofwi et de ses adh\u00e9rents. Le public peut \u00e9galement se promener dans la collection de fruitiers et y cueillir les fruits qu&rsquo;il souhaite acheter. L&rsquo;Assofwi re\u00e7oit \u00e9galement des visites de groupes (scolaires, instituts etc. ) qui b\u00e9n\u00e9ficient d&rsquo;une visite guid\u00e9e et personnalis\u00e9e du site de l&rsquo;Assofwi, autour des th\u00e8mes de l&rsquo;agro\u00e9cologie<\/li>\n<\/ul>\n","protected":false},"excerpt":{"rendered":"<p>L\u2019objectif de la structure est de d\u00e9velopper les pratiques agricoles durables et de valoriser la diversification fruiti\u00e8re en Guadeloupe. Les activit\u00e9s se d\u00e9clinent en quatre volets : l\u2019appui technique et administratif des adh\u00e9rents : les adh\u00e9rents qui le souhaitent peuvent solliciter les techniciens de l&rsquo;Assofwi pour les accompagner dans la mise en place de dossiers &hellip; <\/p>\n<p class=\"link-more\"><a href=\"https:\/\/assofwi.fr\/?page_id=97\" class=\"more-link\">Continuer la lecture<span class=\"screen-reader-text\"> de &laquo;&nbsp;Que fait-on ?&nbsp;&raquo;<\/span><\/a><\/p>\n","protected":false},"author":1,"featured_media":0,"parent":0,"menu_order":0,"comment_status":"closed","ping_status":"closed","template":"","meta":{"spay_email":""},"jetpack_sharing_enabled":true,"jetpack_shortlink":"https:\/\/wp.me\/Pa25wg-1z","jetpack-related-posts":[],"_links":{"self":[{"href":"https:\/\/assofwi.fr\/index.php?rest_route=\/wp\/v2\/pages\/97"}],"collection":[{"href":"https:\/\/assofwi.fr\/index.php?rest_route=\/wp\/v2\/pages"}],"about":[{"href":"https:\/\/assofwi.fr\/index.php?rest_route=\/wp\/v2\/types\/page"}],"author":[{"embeddable":true,"href":"https:\/\/assofwi.fr\/index.php?rest_route=\/wp\/v2\/users\/1"}],"replies":[{"embeddable":true,"href":"https:\/\/assofwi.fr\/index.php?rest_route=%2Fwp%2Fv2%2Fcomments&post=97"}],"version-history":[{"count":3,"href":"https:\/\/assofwi.fr\/index.php?rest_route=\/wp\/v2\/pages\/97\/revisions"}],"predecessor-version":[{"id":305,"href":"https:\/\/assofwi.fr\/index.php?rest_route=\/wp\/v2\/pages\/97\/revisions\/305"}],"wp:attachment":[{"href":"https:\/\/assofwi.fr\/index.php?rest_route=%2Fwp%2Fv2%2Fmedia&parent=97"}],"curies":[{"name":"wp","href":"https:\/\/api.w.org\/{rel}","templated":true}]}}